{"id":20936,"date":"2016-10-03T03:51:11","date_gmt":"2016-10-03T02:51:11","guid":{"rendered":"https:\/\/www.pourquoi-pas-nous.com\/number-26-endlich-eine-echte-bank-fuer-reisende\/"},"modified":"2024-05-06T09:56:20","modified_gmt":"2024-05-06T07:56:20","slug":"number-26-enfin-eine-echte-bank-fur-reisende","status":"publish","type":"page","link":"https:\/\/www.pourquoi-pas-nous.com\/de\/number-26-enfin-eine-echte-bank-fur-reisende\/","title":{"rendered":"Number 26, endlich eine echte Bank f\u00fcr Reisende"},"content":{"rendered":"<p>Die richtige Wahl der Bank vor einer langen Reise ist sehr wichtig. Es braucht Zeit, sie alle zu vergleichen und die am besten geeignete auszuw\u00e4hlen. Zwischen Ihrer derzeitigen Bank, einer neuen Bank und einer Online-Bank haben Sie die Qual der Wahl. Dann kommt noch die Wahl der Karte hinzu: in der Regel Mastercard oder Visa. Nicht zu vergessen, das Kleingedruckte \u00fcber Bankgeb\u00fchren, die Anzahl der erlaubten Abhebungen usw. zu lesen.<\/p>\n<p><img data-recalc-dims=\"1\" data-dominant-color=\"ececec\" data-has-transparency=\"false\" style=\"--dominant-color: #ececec;\" fetchpriority=\"high\" decoding=\"async\" class=\"size-full wp-image-1310 aligncenter not-transparent\" src=\"https:\/\/i0.wp.com\/www.pourquoi-pas-nous.com\/wp-content\/uploads\/2016\/10\/number26.png?resize=393%2C128&#038;ssl=1\" alt=\"Reisebank number26\" width=\"393\" height=\"128\" title=\"\"><\/p>\n<p><!--more--><\/p>\n<p><strong>Edit: Bank 26 (N26) ist seit Dezember 2016 nicht mehr kostenlos. Das Angebot bleibt attraktiv, ist aber vielleicht nicht mehr das beste.<\/strong><\/p>\n<p>Hier machen wir es Ihnen leicht, indem wir Ihnen unmissverst\u00e4ndlich die mit Abstand beste Bank f\u00fcr Reisende nennen. Es handelt sich um die Bank N26, ehemals Number 26.<\/p>\n<p>&nbsp;<\/p>\n<p>Es ist eine Online-Bank mit Sitz in Deutschland, die Anfang 2016 ihre T\u00fcren f\u00fcr Franzosen und Europ\u00e4er ge\u00f6ffnet hat, und wir werden Ihnen in einigen Punkten erkl\u00e4ren, warum diese Bank die beste ist. Au\u00dferdem denken wir, dass wir sie nach unserer R\u00fcckkehr behalten und vielleicht ein neues Konto er\u00f6ffnen werden.<\/p>\n<ol>\n<li><strong>0 Kosten<\/strong>!!! und es hei\u00dft wirklich 0\u20ac die ganze Zeit und \u00fcberall!<\/li>\n<li>V\u00f6llig <strong>KOSTENLOS<\/strong> (wir haben noch nie etwas bezahlt! Aber wie verdienen sie Geld?)<\/li>\n<li>Unbegrenzte Abhebungen und Zahlungen \u00fcberall auf der Welt (Sie sind no limit, schlie\u00dflich fast 300\u20ac Abhebungen pro Tag, die Sie \u00fcber die Handy-App erh\u00f6hen k\u00f6nnen).<\/li>\n<li>Eine <strong>100%ige Online<\/strong>-Bank<\/li>\n<li>Eine perfekte mobile Anwendung, um alles zu verwalten. Wir haben unsere Karte gleich zu Beginn der Reise verloren (die Kl\u00f6ten), nach einer knappen Stunde intensiver Suche nach der Karte haben wir sie gesperrt und innerhalb von Sekunden eine neue bestellt!<\/li>\n<li>Einrichtung eines Kontos in wenigen Minuten (wenn Sie eine gute Internetverbindung haben und Ihren Reisepass bei sich tragen)<\/li>\n<li>Ein ausgezeichneter Wechselkurs (wir hatten fast den gleichen Kurs wie an der B\u00f6rse, wenn man sagt, dass es keine Geb\u00fchren gibt, dann ist das auch so!)<\/li>\n<li>Ein reaktiver und effizienter Kundenservice (unsere Karte wurde einmal gehackt und wir haben alles zur\u00fcckerstattet bekommen, nachdem wir ein einfaches Formular ausgef\u00fcllt hatten: 5min)<\/li>\n<li>M\u00f6glichkeit, Ihre Karte vor\u00fcbergehend zu sperren<\/li>\n<li>Bestellung einer neuen Karte schnell (nur wenige Tage vor Erhalt in Frankreich)<\/li>\n<\/ol>\n<p>&nbsp;<\/p>\n<p>&nbsp;<\/p>\n<p><img data-recalc-dims=\"1\" data-dominant-color=\"b0b1b0\" data-has-transparency=\"true\" style=\"--dominant-color: #b0b1b0;\" decoding=\"async\" class=\"alignnone size-full wp-image-1316 has-transparency\" src=\"https:\/\/i0.wp.com\/www.pourquoi-pas-nous.com\/wp-content\/uploads\/2016\/10\/slide2_img-1940x1406.png?resize=800%2C580&#038;ssl=1\" alt=\"slide2_img-1940x1406\" width=\"800\" height=\"580\" title=\"\" srcset=\"https:\/\/i0.wp.com\/www.pourquoi-pas-nous.com\/wp-content\/uploads\/2016\/10\/slide2_img-1940x1406.png?w=1000&amp;ssl=1 1000w, https:\/\/i0.wp.com\/www.pourquoi-pas-nous.com\/wp-content\/uploads\/2016\/10\/slide2_img-1940x1406.png?resize=400%2C290&amp;ssl=1 400w, https:\/\/i0.wp.com\/www.pourquoi-pas-nous.com\/wp-content\/uploads\/2016\/10\/slide2_img-1940x1406.png?resize=512%2C371&amp;ssl=1 512w, https:\/\/i0.wp.com\/www.pourquoi-pas-nous.com\/wp-content\/uploads\/2016\/10\/slide2_img-1940x1406.png?resize=768%2C557&amp;ssl=1 768w\" sizes=\"(max-width: 800px) 100vw, 800px\" \/><\/p>\n<p>&nbsp;<\/p>\n<p><strong>Trotzdem ein paar negative Punkte:<\/strong><\/p>\n<ol>\n<li>Die Karte wird nur in Deutschland geliefert (wenn du sie im Ausland verlierst, solltest du einen Weg finden, sie dir schicken zu lassen)!<\/li>\n<li>Nur eine MasterCard (wir hatten nie Probleme damit, nur ein paar Mal, als die Restaurants nur Visa akzeptierten, aber da du direkt nebenan ohne Geb\u00fchren abheben kannst, ist das nicht schlimm)<\/li>\n<\/ol>\n<p>&nbsp;<\/p>\n<p>Wenn Sie \u00fcberzeugt sind, so wie wir es sind, z\u00f6gern Sie nicht, <a href=\"https:\/\/n26.com\/\" target=\"_blank\" rel=\"noopener\">ein N26-Konto zu er\u00f6ffnen<\/a> oder uns um eine Einladung zu bitten (10\u20ac geschenkt).<\/p>\n<div style='text-align:right' class='yasr-auto-insert-visitor'><\/div>","protected":false},"excerpt":{"rendered":"<p>Die richtige Wahl der Bank vor einer langen Reise ist sehr wichtig. Es braucht Zeit, sie alle zu vergleichen und die am besten geeignete auszuw\u00e4hlen. Zwischen Ihrer derzeitigen Bank, einer neuen Bank und einer Online-Bank haben Sie die Qual der Wahl. Dann kommt noch die Wahl der Karte hinzu: in der Regel Mastercard oder Visa. [&hellip;]<\/p>\n","protected":false},"author":1,"featured_media":0,"parent":0,"menu_order":0,"comment_status":"open","ping_status":"closed","template":"","meta":{"_acf_changed":false,"_wp_convertkit_post_meta":{"form":"-1","landing_page":"0","tag":"0","restrict_content":"0"},"jetpack_post_was_ever_published":true,"yasr_overall_rating":0,"yasr_post_is_review":"","yasr_auto_insert_disabled":"","yasr_review_type":"","footnotes":""},"class_list":["post-20936","page","type-page","status-publish","hentry"],"acf":[],"_wp_attached_file":null,"_wp_attachment_image_alt":null,"rank_math_primary_category":null,"rank_math_title":null,"rank_math_description":null,"rank_math_focus_keyword":null,"yasr_visitor_votes":{"stars_attributes":{"read_only":false,"span_bottom":false},"number_of_votes":0,"sum_votes":0},"jetpack_sharing_enabled":true,"_links":{"self":[{"href":"https:\/\/www.pourquoi-pas-nous.com\/de\/wp-json\/wp\/v2\/pages\/20936","targetHints":{"allow":["GET"]}}],"collection":[{"href":"https:\/\/www.pourquoi-pas-nous.com\/de\/wp-json\/wp\/v2\/pages"}],"about":[{"href":"https:\/\/www.pourquoi-pas-nous.com\/de\/wp-json\/wp\/v2\/types\/page"}],"author":[{"embeddable":true,"href":"https:\/\/www.pourquoi-pas-nous.com\/de\/wp-json\/wp\/v2\/users\/1"}],"replies":[{"embeddable":true,"href":"https:\/\/www.pourquoi-pas-nous.com\/de\/wp-json\/wp\/v2\/comments?post=20936"}],"version-history":[{"count":2,"href":"https:\/\/www.pourquoi-pas-nous.com\/de\/wp-json\/wp\/v2\/pages\/20936\/revisions"}],"predecessor-version":[{"id":59666,"href":"https:\/\/www.pourquoi-pas-nous.com\/de\/wp-json\/wp\/v2\/pages\/20936\/revisions\/59666"}],"wp:attachment":[{"href":"https:\/\/www.pourquoi-pas-nous.com\/de\/wp-json\/wp\/v2\/media?parent=20936"}],"curies":[{"name":"wp","href":"https:\/\/api.w.org\/{rel}","templated":true}]}}