{"id":20950,"date":"2023-02-14T12:23:12","date_gmt":"2023-02-14T11:23:12","guid":{"rendered":"https:\/\/www.pourquoi-pas-nous.com\/partnerschaft-media-kit\/"},"modified":"2025-12-01T00:30:15","modified_gmt":"2025-11-30T22:30:15","slug":"partenariat-kit-media","status":"publish","type":"page","link":"https:\/\/www.pourquoi-pas-nous.com\/de\/partenariat-kit-media\/","title":{"rendered":"Partnerschaft &#8211; Media Kit"},"content":{"rendered":"\n<p><strong>Sie sind ein Werbetreibender oder Sponsor<\/strong>. Wenn Sie eine <strong>Partnerschaft<\/strong> mit uns eingehen m\u00f6chten, laden Sie sich bitte unser Medienpaket herunter und senden Sie uns Ihre Anfrage, wir werden sie sorgf\u00e4ltig pr\u00fcfen.<\/p>\n\n<p>Da wir junge Eltern sind und mehrere berufliche T\u00e4tigkeiten aus\u00fcben, werden wir uns die Zeit nehmen, auf <strong>gezielte Nachrichten<\/strong> zu antworten, die unserer redaktionellen Linie entsprechen. Wir tauschen keine Links aus und ver\u00f6ffentlichen keine Artikel, die von Marken verfasst wurden.<\/p>\n\n<p>Unsere Fachgebiete: Verfassen <strong>von Artikeln<\/strong> \u00fcber unsere verschiedenen Eskapaden, <strong>SEO<\/strong>, nat\u00fcrliche Suchmaschinenoptimierung (die sich auch durch Matthieus 10-j\u00e4hrige Expertise in diesem Bereich erkl\u00e4ren l\u00e4sst), <strong>Fotografie<\/strong>, um unsere Geschichten zu illustrieren, und <strong>soziale Netzwerke<\/strong>.  <\/p>\n\n<p>Wenn Sie mehr \u00fcber uns erfahren m\u00f6chten, k\u00f6nnen Sie unsere Seite<a href=\"https:\/\/www.pourquoi-pas-nous.com\/de\/wer-sind-wir\/\" data-type=\"page\" data-id=\"1228\">&#8222;Wer sind wir<\/a>?&#8220; besuchen, wir haben dort eine Rubrik<strong>&#8222;Man spricht \u00fcber uns<\/strong>&#8220; integriert.<\/p>\n\n<div data-wp-interactive=\"core\/file\" class=\"wp-block-file\"><object data-wp-bind--hidden=\"!state.hasPdfPreview\" hidden class=\"wp-block-file__embed\" data=\"https:\/\/www.pourquoi-pas-nous.com\/wp-content\/uploads\/2023\/08\/87k-10.pdf\" type=\"application\/pdf\" style=\"width:100%;height:600px\" aria-label=\"Einbettung von 87k-10.\"><\/object><a id=\"wp-block-file--media-ac0805a8-e2df-49f7-a96f-144646e4fae5\" href=\"https:\/\/www.pourquoi-pas-nous.com\/wp-content\/uploads\/2023\/08\/87k-10.pdf\">87k-10<\/a><a href=\"https:\/\/www.pourquoi-pas-nous.com\/wp-content\/uploads\/2023\/08\/87k-10.pdf\" class=\"wp-block-file__button wp-element-button\" aria-describedby=\"wp-block-file--media-ac0805a8-e2df-49f7-a96f-144646e4fae5\">Download<\/a><\/div>\n<div style='text-align:right' class='yasr-auto-insert-visitor'><\/div>","protected":false},"excerpt":{"rendered":"<p>Sie sind ein Werbetreibender oder Sponsor. Wenn Sie eine Partnerschaft mit uns eingehen m\u00f6chten, laden Sie sich bitte unser Medienpaket herunter und senden Sie uns Ihre Anfrage, wir werden sie sorgf\u00e4ltig pr\u00fcfen. Da wir junge Eltern sind und mehrere berufliche T\u00e4tigkeiten aus\u00fcben, werden wir uns die Zeit nehmen, auf gezielte Nachrichten zu antworten, die unserer [&hellip;]<\/p>\n","protected":false},"author":2,"featured_media":0,"parent":0,"menu_order":0,"comment_status":"closed","ping_status":"closed","template":"","meta":{"_acf_changed":false,"_wp_convertkit_post_meta":{"form":"-1","landing_page":"0","tag":"0","restrict_content":"0"},"jetpack_post_was_ever_published":true,"yasr_overall_rating":0,"yasr_post_is_review":"","yasr_auto_insert_disabled":"","yasr_review_type":"","footnotes":""},"class_list":["post-20950","page","type-page","status-publish","hentry"],"acf":[],"_wp_attached_file":null,"_wp_attachment_image_alt":null,"rank_math_primary_category":null,"rank_math_title":null,"rank_math_description":null,"rank_math_focus_keyword":null,"yasr_visitor_votes":{"stars_attributes":{"read_only":false,"span_bottom":false},"number_of_votes":0,"sum_votes":0},"jetpack_sharing_enabled":true,"_links":{"self":[{"href":"https:\/\/www.pourquoi-pas-nous.com\/de\/wp-json\/wp\/v2\/pages\/20950","targetHints":{"allow":["GET"]}}],"collection":[{"href":"https:\/\/www.pourquoi-pas-nous.com\/de\/wp-json\/wp\/v2\/pages"}],"about":[{"href":"https:\/\/www.pourquoi-pas-nous.com\/de\/wp-json\/wp\/v2\/types\/page"}],"author":[{"embeddable":true,"href":"https:\/\/www.pourquoi-pas-nous.com\/de\/wp-json\/wp\/v2\/users\/2"}],"replies":[{"embeddable":true,"href":"https:\/\/www.pourquoi-pas-nous.com\/de\/wp-json\/wp\/v2\/comments?post=20950"}],"version-history":[{"count":4,"href":"https:\/\/www.pourquoi-pas-nous.com\/de\/wp-json\/wp\/v2\/pages\/20950\/revisions"}],"predecessor-version":[{"id":66782,"href":"https:\/\/www.pourquoi-pas-nous.com\/de\/wp-json\/wp\/v2\/pages\/20950\/revisions\/66782"}],"wp:attachment":[{"href":"https:\/\/www.pourquoi-pas-nous.com\/de\/wp-json\/wp\/v2\/media?parent=20950"}],"curies":[{"name":"wp","href":"https:\/\/api.w.org\/{rel}","templated":true}]}}