{"id":24003,"date":"2016-10-03T03:51:11","date_gmt":"2016-10-03T02:51:11","guid":{"rendered":"https:\/\/www.pourquoi-pas-nous.com\/numero-26-finalmente-una-vera-banca-per-i-viaggiatori\/"},"modified":"2024-05-06T09:56:20","modified_gmt":"2024-05-06T07:56:20","slug":"numero-26-finire-una-banca-vera-per-viaggiatori","status":"publish","type":"page","link":"https:\/\/www.pourquoi-pas-nous.com\/it\/numero-26-finire-una-banca-vera-per-viaggiatori\/","title":{"rendered":"Numero 26, finalmente una vera banca per i viaggiatori"},"content":{"rendered":"<p>Scegliere la banca giusta prima di un lungo viaggio \u00e8 molto importante. Ci vuole tempo per confrontarli tutti e scegliere il pi\u00f9 adatto. Tra la vostra banca attuale, una nuova banca e una banca online, avete l&#8217;imbarazzo della scelta. Poi c&#8217;\u00e8 la scelta della carta: mastercard o visa come regola generale. E non dimenticate di leggere tutte le clausole scritte in piccolo sulle spese bancarie, sul numero di prelievi autorizzati, ecc.<\/p>\n<p><img data-recalc-dims=\"1\" data-dominant-color=\"ececec\" data-has-transparency=\"false\" style=\"--dominant-color: #ececec;\" fetchpriority=\"high\" decoding=\"async\" class=\"size-full wp-image-1310 aligncenter not-transparent\" src=\"https:\/\/i0.wp.com\/www.pourquoi-pas-nous.com\/wp-content\/uploads\/2016\/10\/number26.png?resize=393%2C128&#038;ssl=1\" alt=\"Numero della banca di viaggio26\" width=\"393\" height=\"128\" title=\"\"><\/p>\n<p><!--more--><\/p>\n<p><strong>Modifica: la Banca 26 (N26) non \u00e8 pi\u00f9 libera da dicembre 2016. L&#8217;offerta rimane interessante, ma potrebbe non essere pi\u00f9 la migliore.<\/strong><\/p>\n<p>Qui vi semplificheremo la vita dandovi la migliore banca per i viaggiatori in assoluto. La banca in questione \u00e8 N26, gi\u00e0 Number 26.<\/p>\n<p>&nbsp;<\/p>\n<p>\u00c8 una banca online con sede in Germania che ha aperto le sue porte ai francesi e agli europei all&#8217;inizio del 2016 e vi spiegheremo in pochi punti perch\u00e9 questa banca \u00e8 la migliore. Anzi, pensiamo di tenerlo quando torneremo e magari di aprire un nuovo conto.<\/p>\n<ol>\n<li><strong>0 costi<\/strong>!!! e intendiamo 0\u20ac sempre e ovunque!<\/li>\n<li>Totalmente <strong>GRATIS<\/strong> (non abbiamo mai pagato nulla, ma come fanno a guadagnare?).<\/li>\n<li>Prelievi e pagamenti illimitati in tutto il mondo (non c&#8217;\u00e8 limite: potete prelevare fino a 300 euro al giorno, che potete aumentare tramite l&#8217;applicazione mobile)<\/li>\n<li>Una banca <strong>100% online<\/strong><\/li>\n<li>L&#8217;applicazione mobile perfetta per gestire tutto. Abbiamo perso la nostra carta all&#8217;inizio del viaggio (la palla al piede), ma dopo un&#8217;ora di ricerca intensiva della carta, siamo riusciti a bloccarla e a ordinarne una nuova in pochi secondi!<\/li>\n<li>Creare un account in pochi minuti (se avete una buona connessione a Internet e il passaporto con voi)<\/li>\n<li>Un tasso di cambio eccellente (abbiamo avuto praticamente lo stesso tasso di cambio del mercato azionario, quindi quando diciamo 0 commissioni, \u00e8 vero!)<\/li>\n<li>Servizio clienti reattivo ed efficiente (una volta la nostra carta \u00e8 stata violata e abbiamo riavuto i nostri soldi dopo aver compilato un semplice modulo: 5 minuti).<\/li>\n<li>\u00c8 possibile bloccare temporaneamente la carta<\/li>\n<li>Ordinare rapidamente una nuova carta (pochi giorni prima del ricevimento in Francia)<\/li>\n<\/ol>\n<p>&nbsp;<\/p>\n<p>&nbsp;<\/p>\n<p><img data-recalc-dims=\"1\" data-dominant-color=\"b0b1b0\" data-has-transparency=\"true\" style=\"--dominant-color: #b0b1b0;\" decoding=\"async\" class=\"alignnone size-full wp-image-1316 has-transparency\" src=\"https:\/\/i0.wp.com\/www.pourquoi-pas-nous.com\/wp-content\/uploads\/2016\/10\/slide2_img-1940x1406.png?resize=800%2C580&#038;ssl=1\" alt=\"slide2_img-1940x1406\" width=\"800\" height=\"580\" title=\"\" srcset=\"https:\/\/i0.wp.com\/www.pourquoi-pas-nous.com\/wp-content\/uploads\/2016\/10\/slide2_img-1940x1406.png?w=1000&amp;ssl=1 1000w, https:\/\/i0.wp.com\/www.pourquoi-pas-nous.com\/wp-content\/uploads\/2016\/10\/slide2_img-1940x1406.png?resize=400%2C290&amp;ssl=1 400w, https:\/\/i0.wp.com\/www.pourquoi-pas-nous.com\/wp-content\/uploads\/2016\/10\/slide2_img-1940x1406.png?resize=512%2C371&amp;ssl=1 512w, https:\/\/i0.wp.com\/www.pourquoi-pas-nous.com\/wp-content\/uploads\/2016\/10\/slide2_img-1940x1406.png?resize=768%2C557&amp;ssl=1 768w\" sizes=\"(max-width: 800px) 100vw, 800px\" \/><\/p>\n<p>&nbsp;<\/p>\n<p><strong>Tuttavia, ci sono alcuni punti negativi:<\/strong><\/p>\n<ol>\n<li>Consegna della carta solo in Francia (se la perdete all&#8217;estero dovete trovare il modo di farvela spedire)!<\/li>\n<li>Solo una MasterCard (non abbiamo mai avuto problemi, solo qualche volta i ristoranti accettavano solo Visa, ma dato che si pu\u00f2 prelevare gratuitamente proprio accanto a noi non importa).<\/li>\n<\/ol>\n<p>&nbsp;<\/p>\n<p>Se siete convinti, come lo siamo noi, non esitate ad <a href=\"https:\/\/n26.com\/\" target=\"_blank\" rel=\"noopener\">aprire un conto N26<\/a> o a chiederci un invito (10 euro gratuiti).<\/p>\n<div style='text-align:right' class='yasr-auto-insert-visitor'><\/div>","protected":false},"excerpt":{"rendered":"<p>Scegliere la banca giusta prima di un lungo viaggio \u00e8 molto importante. Ci vuole tempo per confrontarli tutti e scegliere il pi\u00f9 adatto. Tra la vostra banca attuale, una nuova banca e una banca online, avete l&#8217;imbarazzo della scelta. Poi c&#8217;\u00e8 la scelta della carta: mastercard o visa come regola generale. E non dimenticate di [&hellip;]<\/p>\n","protected":false},"author":1,"featured_media":0,"parent":0,"menu_order":0,"comment_status":"open","ping_status":"closed","template":"","meta":{"_acf_changed":false,"_wp_convertkit_post_meta":{"form":"-1","landing_page":"0","tag":"0","restrict_content":"0"},"jetpack_post_was_ever_published":true,"yasr_overall_rating":0,"yasr_post_is_review":"","yasr_auto_insert_disabled":"","yasr_review_type":"","footnotes":""},"class_list":["post-24003","page","type-page","status-publish","hentry"],"acf":[],"_wp_attached_file":null,"_wp_attachment_image_alt":null,"rank_math_primary_category":null,"rank_math_title":null,"rank_math_description":null,"rank_math_focus_keyword":null,"yasr_visitor_votes":{"stars_attributes":{"read_only":false,"span_bottom":false},"number_of_votes":0,"sum_votes":0},"jetpack_sharing_enabled":true,"_links":{"self":[{"href":"https:\/\/www.pourquoi-pas-nous.com\/it\/wp-json\/wp\/v2\/pages\/24003","targetHints":{"allow":["GET"]}}],"collection":[{"href":"https:\/\/www.pourquoi-pas-nous.com\/it\/wp-json\/wp\/v2\/pages"}],"about":[{"href":"https:\/\/www.pourquoi-pas-nous.com\/it\/wp-json\/wp\/v2\/types\/page"}],"author":[{"embeddable":true,"href":"https:\/\/www.pourquoi-pas-nous.com\/it\/wp-json\/wp\/v2\/users\/1"}],"replies":[{"embeddable":true,"href":"https:\/\/www.pourquoi-pas-nous.com\/it\/wp-json\/wp\/v2\/comments?post=24003"}],"version-history":[{"count":2,"href":"https:\/\/www.pourquoi-pas-nous.com\/it\/wp-json\/wp\/v2\/pages\/24003\/revisions"}],"predecessor-version":[{"id":59667,"href":"https:\/\/www.pourquoi-pas-nous.com\/it\/wp-json\/wp\/v2\/pages\/24003\/revisions\/59667"}],"wp:attachment":[{"href":"https:\/\/www.pourquoi-pas-nous.com\/it\/wp-json\/wp\/v2\/media?parent=24003"}],"curies":[{"name":"wp","href":"https:\/\/api.w.org\/{rel}","templated":true}]}}